{"id":990,"date":"2023-10-09T20:46:01","date_gmt":"2023-10-10T02:46:01","guid":{"rendered":"https:\/\/hostelcasagarrobo.com\/?page_id=990"},"modified":"2023-10-09T21:01:48","modified_gmt":"2023-10-10T03:01:48","slug":"community","status":"publish","type":"page","link":"https:\/\/hostelcasagarrobo.com\/es\/community\/","title":{"rendered":"COMUNIDAD"},"content":{"rendered":"<div data-elementor-type=\"wp-page\" data-elementor-id=\"990\" class=\"elementor elementor-990\" data-elementor-post-type=\"page\">\n\t\t\t\t\t\t\t\t\t<section class=\"elementor-section elementor-top-section elementor-element elementor-element-5920b9c elementor-section-boxed elementor-section-height-default elementor-section-height-default\" data-id=\"5920b9c\" data-element_type=\"section\" data-settings=\"{&quot;jet_parallax_layout_list&quot;:[]}\">\n\t\t\t\t\t\t<div class=\"elementor-container elementor-column-gap-default\">\n\t\t\t\t\t<div class=\"elementor-column elementor-col-100 elementor-top-column elementor-element elementor-element-145cb36\" data-id=\"145cb36\" data-element_type=\"column\">\n\t\t\t<div class=\"elementor-widget-wrap elementor-element-populated\">\n\t\t\t\t\t\t\t\t<div class=\"elementor-element elementor-element-882872f elementor-widget elementor-widget-image\" data-id=\"882872f\" data-element_type=\"widget\" data-widget_type=\"image.default\">\n\t\t\t\t<div class=\"elementor-widget-container\">\n\t\t\t\t\t\t\t\t\t\t\t\t\t\t\t<img decoding=\"async\" loading=\"lazy\" width=\"1024\" height=\"640\" src=\"https:\/\/hostelcasagarrobo.com\/wp-content\/uploads\/2023\/10\/blanco-first\u041c\u043e\u043d\u0442\u0430\u0436\u043d\u0430\u044f-\u043e\u0431\u043b\u0430\u0441\u0442\u044c-59com-1024x640.png\" class=\"attachment-large size-large wp-image-993\" alt=\"\" srcset=\"https:\/\/hostelcasagarrobo.com\/wp-content\/uploads\/2023\/10\/blanco-first\u041c\u043e\u043d\u0442\u0430\u0436\u043d\u0430\u044f-\u043e\u0431\u043b\u0430\u0441\u0442\u044c-59com-1024x640.png 1024w, https:\/\/hostelcasagarrobo.com\/wp-content\/uploads\/2023\/10\/blanco-first\u041c\u043e\u043d\u0442\u0430\u0436\u043d\u0430\u044f-\u043e\u0431\u043b\u0430\u0441\u0442\u044c-59com-300x188.png 300w, https:\/\/hostelcasagarrobo.com\/wp-content\/uploads\/2023\/10\/blanco-first\u041c\u043e\u043d\u0442\u0430\u0436\u043d\u0430\u044f-\u043e\u0431\u043b\u0430\u0441\u0442\u044c-59com-768x480.png 768w, https:\/\/hostelcasagarrobo.com\/wp-content\/uploads\/2023\/10\/blanco-first\u041c\u043e\u043d\u0442\u0430\u0436\u043d\u0430\u044f-\u043e\u0431\u043b\u0430\u0441\u0442\u044c-59com-1536x960.png 1536w, https:\/\/hostelcasagarrobo.com\/wp-content\/uploads\/2023\/10\/blanco-first\u041c\u043e\u043d\u0442\u0430\u0436\u043d\u0430\u044f-\u043e\u0431\u043b\u0430\u0441\u0442\u044c-59com-2048x1280.png 2048w\" sizes=\"(max-width: 1024px) 100vw, 1024px\" \/>\t\t\t\t\t\t\t\t\t\t\t\t\t\t\t<\/div>\n\t\t\t\t<\/div>\n\t\t\t\t\t<\/div>\n\t\t<\/div>\n\t\t\t\t\t\t\t<\/div>\n\t\t<\/section>\n\t\t\t\t<section class=\"elementor-section elementor-top-section elementor-element elementor-element-7ed4370 elementor-section-boxed elementor-section-height-default elementor-section-height-default\" data-id=\"7ed4370\" data-element_type=\"section\" data-settings=\"{&quot;jet_parallax_layout_list&quot;:[]}\">\n\t\t\t\t\t\t<div class=\"elementor-container elementor-column-gap-default\">\n\t\t\t\t\t<div class=\"elementor-column elementor-col-100 elementor-top-column elementor-element elementor-element-a14bac4\" data-id=\"a14bac4\" data-element_type=\"column\">\n\t\t\t<div class=\"elementor-widget-wrap elementor-element-populated\">\n\t\t\t\t\t\t\t\t<div class=\"elementor-element elementor-element-e87a57b elementor-widget elementor-widget-heading\" data-id=\"e87a57b\" data-element_type=\"widget\" data-widget_type=\"heading.default\">\n\t\t\t\t<div class=\"elementor-widget-container\">\n\t\t\t<h2 class=\"elementor-heading-title elementor-size-default\">Todos los beneficios que genera Casa Garrobo se quedan en la comunidad para apoyar el desarrollo comunitario<\/h2>\t\t<\/div>\n\t\t\t\t<\/div>\n\t\t\t\t<div class=\"elementor-element elementor-element-786a4a6 elementor-widget elementor-widget-heading\" data-id=\"786a4a6\" data-element_type=\"widget\" data-widget_type=\"heading.default\">\n\t\t\t\t<div class=\"elementor-widget-container\">\n\t\t\t<h5 class=\"elementor-heading-title elementor-size-default\">Casa Garrobo est\u00e1 trabajando actualmente con<\/h5>\t\t<\/div>\n\t\t\t\t<\/div>\n\t\t\t\t<div class=\"elementor-element elementor-element-771a4b1 elementor-widget-divider--view-line_icon elementor-view-default elementor-widget-divider--element-align-center elementor-widget elementor-widget-divider\" data-id=\"771a4b1\" data-element_type=\"widget\" data-widget_type=\"divider.default\">\n\t\t\t\t<div class=\"elementor-widget-container\">\n\t\t\t\t\t<div class=\"elementor-divider\">\n\t\t\t<span class=\"elementor-divider-separator\">\n\t\t\t\t\t\t\t<div class=\"elementor-icon elementor-divider__element\">\n\t\t\t\t\t<i aria-hidden=\"true\" class=\"fas fa-fish\"><\/i><\/div>\n\t\t\t\t\t\t<\/span>\n\t\t<\/div>\n\t\t\t\t<\/div>\n\t\t\t\t<\/div>\n\t\t\t\t\t<\/div>\n\t\t<\/div>\n\t\t\t\t\t\t\t<\/div>\n\t\t<\/section>\n\t\t\t\t<section class=\"elementor-section elementor-top-section elementor-element elementor-element-3d5ee46 elementor-section-boxed elementor-section-height-default elementor-section-height-default\" data-id=\"3d5ee46\" data-element_type=\"section\" data-settings=\"{&quot;jet_parallax_layout_list&quot;:[]}\">\n\t\t\t\t\t\t<div class=\"elementor-container elementor-column-gap-default\">\n\t\t\t\t\t<div class=\"elementor-column elementor-col-100 elementor-top-column elementor-element elementor-element-65bdd9c\" data-id=\"65bdd9c\" data-element_type=\"column\">\n\t\t\t<div class=\"elementor-widget-wrap elementor-element-populated\">\n\t\t\t\t\t\t\t\t<div class=\"elementor-element elementor-element-f99fbfa elementor-widget elementor-widget-image\" data-id=\"f99fbfa\" data-element_type=\"widget\" data-widget_type=\"image.default\">\n\t\t\t\t<div class=\"elementor-widget-container\">\n\t\t\t\t\t\t\t\t\t\t\t\t\t\t\t<img decoding=\"async\" loading=\"lazy\" width=\"300\" height=\"173\" src=\"https:\/\/hostelcasagarrobo.com\/wp-content\/uploads\/2023\/10\/tortuga2-300x173.png\" class=\"attachment-medium size-medium wp-image-994\" alt=\"\" srcset=\"https:\/\/hostelcasagarrobo.com\/wp-content\/uploads\/2023\/10\/tortuga2-300x173.png 300w, https:\/\/hostelcasagarrobo.com\/wp-content\/uploads\/2023\/10\/tortuga2-1024x592.png 1024w, https:\/\/hostelcasagarrobo.com\/wp-content\/uploads\/2023\/10\/tortuga2-768x444.png 768w, https:\/\/hostelcasagarrobo.com\/wp-content\/uploads\/2023\/10\/tortuga2-1536x887.png 1536w, https:\/\/hostelcasagarrobo.com\/wp-content\/uploads\/2023\/10\/tortuga2.png 1911w\" sizes=\"(max-width: 300px) 100vw, 300px\" \/>\t\t\t\t\t\t\t\t\t\t\t\t\t\t\t<\/div>\n\t\t\t\t<\/div>\n\t\t\t\t<div class=\"elementor-element elementor-element-2b75f12 elementor-widget elementor-widget-spacer\" data-id=\"2b75f12\" data-element_type=\"widget\" data-widget_type=\"spacer.default\">\n\t\t\t\t<div class=\"elementor-widget-container\">\n\t\t\t\t\t<div class=\"elementor-spacer\">\n\t\t\t<div class=\"elementor-spacer-inner\"><\/div>\n\t\t<\/div>\n\t\t\t\t<\/div>\n\t\t\t\t<\/div>\n\t\t\t\t<div class=\"elementor-element elementor-element-f79c7de elementor-widget elementor-widget-text-editor\" data-id=\"f79c7de\" data-element_type=\"widget\" data-widget_type=\"text-editor.default\">\n\t\t\t\t<div class=\"elementor-widget-container\">\n\t\t\t\t\t\t\t<p>Casa Garrobo brinda apoyo continuo a este criadero de tortugas operado exclusivamente por voluntarios. Varias especies de tortugas marinas anidan en la playa de Los C\u00f3banos y otras playas cercanas. Los huevos de tortuga se transfieren a este criadero donde se protegen de los depredadores animales y humanos. Luego de nacer, las tortugas son liberadas en la Playa Los C\u00f3banos.<\/p>\t\t\t\t\t\t<\/div>\n\t\t\t\t<\/div>\n\t\t\t\t\t<\/div>\n\t\t<\/div>\n\t\t\t\t\t\t\t<\/div>\n\t\t<\/section>\n\t\t\t\t<section class=\"elementor-section elementor-top-section elementor-element elementor-element-d7c00aa elementor-section-boxed elementor-section-height-default elementor-section-height-default\" data-id=\"d7c00aa\" data-element_type=\"section\" data-settings=\"{&quot;jet_parallax_layout_list&quot;:[]}\">\n\t\t\t\t\t\t<div class=\"elementor-container elementor-column-gap-default\">\n\t\t\t\t\t<div class=\"elementor-column elementor-col-100 elementor-top-column elementor-element elementor-element-56d7451\" data-id=\"56d7451\" data-element_type=\"column\">\n\t\t\t<div class=\"elementor-widget-wrap elementor-element-populated\">\n\t\t\t\t\t\t\t\t<div class=\"elementor-element elementor-element-3806d02 elementor-widget elementor-widget-gallery\" data-id=\"3806d02\" data-element_type=\"widget\" data-settings=\"{&quot;gallery_layout&quot;:&quot;masonry&quot;,&quot;lazyload&quot;:&quot;yes&quot;,&quot;columns&quot;:4,&quot;columns_tablet&quot;:2,&quot;columns_mobile&quot;:1,&quot;gap&quot;:{&quot;unit&quot;:&quot;px&quot;,&quot;size&quot;:10,&quot;sizes&quot;:[]},&quot;gap_tablet&quot;:{&quot;unit&quot;:&quot;px&quot;,&quot;size&quot;:10,&quot;sizes&quot;:[]},&quot;gap_mobile&quot;:{&quot;unit&quot;:&quot;px&quot;,&quot;size&quot;:10,&quot;sizes&quot;:[]},&quot;link_to&quot;:&quot;file&quot;,&quot;overlay_background&quot;:&quot;yes&quot;,&quot;content_hover_animation&quot;:&quot;fade-in&quot;}\" data-widget_type=\"gallery.default\">\n\t\t\t\t<div class=\"elementor-widget-container\">\n\t\t\t\t\t<div class=\"elementor-gallery__container\">\n\t\t\t\t\t\t\t<a class=\"e-gallery-item elementor-gallery-item elementor-animated-content\" href=\"https:\/\/hostelcasagarrobo.com\/wp-content\/uploads\/2023\/10\/5E491A22DA0949F7BF040C52607FEBAC.jpg\" data-elementor-open-lightbox=\"yes\" data-elementor-lightbox-slideshow=\"3806d02\" data-elementor-lightbox-title=\"5E491A22DA0949F7BF040C52607FEBAC\" data-e-action-hash=\"#elementor-action%3Aaction%3Dlightbox%26settings%3DeyJpZCI6OTk1LCJ1cmwiOiJodHRwczpcL1wvaG9zdGVsY2FzYWdhcnJvYm8uY29tXC93cC1jb250ZW50XC91cGxvYWRzXC8yMDIzXC8xMFwvNUU0OTFBMjJEQTA5NDlGN0JGMDQwQzUyNjA3RkVCQUMuanBnIiwic2xpZGVzaG93IjoiMzgwNmQwMiJ9\">\n\t\t\t\t\t<div class=\"e-gallery-image elementor-gallery-item__image\" data-thumbnail=\"https:\/\/hostelcasagarrobo.com\/wp-content\/uploads\/2023\/10\/5E491A22DA0949F7BF040C52607FEBAC-276x300.jpg\" data-width=\"276\" data-height=\"300\" aria-label=\"\" role=\"img\" ><\/div>\n\t\t\t\t\t\t\t\t\t\t\t<div class=\"elementor-gallery-item__overlay\"><\/div>\n\t\t\t\t\t\t\t\t\t\t\t\t\t\t<\/a>\n\t\t\t\t\t\t\t<a class=\"e-gallery-item elementor-gallery-item elementor-animated-content\" href=\"https:\/\/hostelcasagarrobo.com\/wp-content\/uploads\/2023\/10\/60A3C476956D426DA627A16C942CA28C.jpg\" data-elementor-open-lightbox=\"yes\" data-elementor-lightbox-slideshow=\"3806d02\" data-elementor-lightbox-title=\"60A3C476956D426DA627A16C942CA28C\" data-e-action-hash=\"#elementor-action%3Aaction%3Dlightbox%26settings%3DeyJpZCI6OTk2LCJ1cmwiOiJodHRwczpcL1wvaG9zdGVsY2FzYWdhcnJvYm8uY29tXC93cC1jb250ZW50XC91cGxvYWRzXC8yMDIzXC8xMFwvNjBBM0M0NzY5NTZENDI2REE2MjdBMTZDOTQyQ0EyOEMuanBnIiwic2xpZGVzaG93IjoiMzgwNmQwMiJ9\">\n\t\t\t\t\t<div class=\"e-gallery-image elementor-gallery-item__image\" data-thumbnail=\"https:\/\/hostelcasagarrobo.com\/wp-content\/uploads\/2023\/10\/60A3C476956D426DA627A16C942CA28C-300x225.jpg\" data-width=\"300\" data-height=\"225\" aria-label=\"\" role=\"img\" ><\/div>\n\t\t\t\t\t\t\t\t\t\t\t<div class=\"elementor-gallery-item__overlay\"><\/div>\n\t\t\t\t\t\t\t\t\t\t\t\t\t\t<\/a>\n\t\t\t\t\t\t\t<a class=\"e-gallery-item elementor-gallery-item elementor-animated-content\" href=\"https:\/\/hostelcasagarrobo.com\/wp-content\/uploads\/2023\/10\/68EF5AA3C21E43E1B3233E2B3369505A.jpg\" data-elementor-open-lightbox=\"yes\" data-elementor-lightbox-slideshow=\"3806d02\" data-elementor-lightbox-title=\"68EF5AA3C21E43E1B3233E2B3369505A\" data-e-action-hash=\"#elementor-action%3Aaction%3Dlightbox%26settings%3DeyJpZCI6OTk3LCJ1cmwiOiJodHRwczpcL1wvaG9zdGVsY2FzYWdhcnJvYm8uY29tXC93cC1jb250ZW50XC91cGxvYWRzXC8yMDIzXC8xMFwvNjhFRjVBQTNDMjFFNDNFMUIzMjMzRTJCMzM2OTUwNUEuanBnIiwic2xpZGVzaG93IjoiMzgwNmQwMiJ9\">\n\t\t\t\t\t<div class=\"e-gallery-image elementor-gallery-item__image\" data-thumbnail=\"https:\/\/hostelcasagarrobo.com\/wp-content\/uploads\/2023\/10\/68EF5AA3C21E43E1B3233E2B3369505A-300x225.jpg\" data-width=\"300\" data-height=\"225\" aria-label=\"\" role=\"img\" ><\/div>\n\t\t\t\t\t\t\t\t\t\t\t<div class=\"elementor-gallery-item__overlay\"><\/div>\n\t\t\t\t\t\t\t\t\t\t\t\t\t\t<\/a>\n\t\t\t\t\t\t\t<a class=\"e-gallery-item elementor-gallery-item elementor-animated-content\" href=\"https:\/\/hostelcasagarrobo.com\/wp-content\/uploads\/2023\/10\/480F501C55E24EE4BD77292555022D3B.jpg\" data-elementor-open-lightbox=\"yes\" data-elementor-lightbox-slideshow=\"3806d02\" data-elementor-lightbox-title=\"480F501C55E24EE4BD77292555022D3B\" data-e-action-hash=\"#elementor-action%3Aaction%3Dlightbox%26settings%3DeyJpZCI6OTk4LCJ1cmwiOiJodHRwczpcL1wvaG9zdGVsY2FzYWdhcnJvYm8uY29tXC93cC1jb250ZW50XC91cGxvYWRzXC8yMDIzXC8xMFwvNDgwRjUwMUM1NUUyNEVFNEJENzcyOTI1NTUwMjJEM0IuanBnIiwic2xpZGVzaG93IjoiMzgwNmQwMiJ9\">\n\t\t\t\t\t<div class=\"e-gallery-image elementor-gallery-item__image\" data-thumbnail=\"https:\/\/hostelcasagarrobo.com\/wp-content\/uploads\/2023\/10\/480F501C55E24EE4BD77292555022D3B-300x300.jpg\" data-width=\"300\" data-height=\"300\" aria-label=\"\" role=\"img\" ><\/div>\n\t\t\t\t\t\t\t\t\t\t\t<div class=\"elementor-gallery-item__overlay\"><\/div>\n\t\t\t\t\t\t\t\t\t\t\t\t\t\t<\/a>\n\t\t\t\t\t\t\t<a class=\"e-gallery-item elementor-gallery-item elementor-animated-content\" href=\"https:\/\/hostelcasagarrobo.com\/wp-content\/uploads\/2023\/10\/45956267A0024D89BCB4144B408E5303.jpg\" data-elementor-open-lightbox=\"yes\" data-elementor-lightbox-slideshow=\"3806d02\" data-elementor-lightbox-title=\"45956267A0024D89BCB4144B408E5303\" data-e-action-hash=\"#elementor-action%3Aaction%3Dlightbox%26settings%3DeyJpZCI6OTk5LCJ1cmwiOiJodHRwczpcL1wvaG9zdGVsY2FzYWdhcnJvYm8uY29tXC93cC1jb250ZW50XC91cGxvYWRzXC8yMDIzXC8xMFwvNDU5NTYyNjdBMDAyNEQ4OUJDQjQxNDRCNDA4RTUzMDMuanBnIiwic2xpZGVzaG93IjoiMzgwNmQwMiJ9\">\n\t\t\t\t\t<div class=\"e-gallery-image elementor-gallery-item__image\" data-thumbnail=\"https:\/\/hostelcasagarrobo.com\/wp-content\/uploads\/2023\/10\/45956267A0024D89BCB4144B408E5303-300x225.jpg\" data-width=\"300\" data-height=\"225\" aria-label=\"\" role=\"img\" ><\/div>\n\t\t\t\t\t\t\t\t\t\t\t<div class=\"elementor-gallery-item__overlay\"><\/div>\n\t\t\t\t\t\t\t\t\t\t\t\t\t\t<\/a>\n\t\t\t\t\t\t\t<a class=\"e-gallery-item elementor-gallery-item elementor-animated-content\" href=\"https:\/\/hostelcasagarrobo.com\/wp-content\/uploads\/2023\/10\/A1AF8DFBE6AD4256B5DAA7B5FA240A94.jpg\" data-elementor-open-lightbox=\"yes\" data-elementor-lightbox-slideshow=\"3806d02\" data-elementor-lightbox-title=\"A1AF8DFBE6AD4256B5DAA7B5FA240A94\" data-e-action-hash=\"#elementor-action%3Aaction%3Dlightbox%26settings%3DeyJpZCI6MTAwMCwidXJsIjoiaHR0cHM6XC9cL2hvc3RlbGNhc2FnYXJyb2JvLmNvbVwvd3AtY29udGVudFwvdXBsb2Fkc1wvMjAyM1wvMTBcL0ExQUY4REZCRTZBRDQyNTZCNURBQTdCNUZBMjQwQTk0LmpwZyIsInNsaWRlc2hvdyI6IjM4MDZkMDIifQ%3D%3D\">\n\t\t\t\t\t<div class=\"e-gallery-image elementor-gallery-item__image\" data-thumbnail=\"https:\/\/hostelcasagarrobo.com\/wp-content\/uploads\/2023\/10\/A1AF8DFBE6AD4256B5DAA7B5FA240A94-300x225.jpg\" data-width=\"300\" data-height=\"225\" aria-label=\"\" role=\"img\" ><\/div>\n\t\t\t\t\t\t\t\t\t\t\t<div class=\"elementor-gallery-item__overlay\"><\/div>\n\t\t\t\t\t\t\t\t\t\t\t\t\t\t<\/a>\n\t\t\t\t\t\t\t<a class=\"e-gallery-item elementor-gallery-item elementor-animated-content\" href=\"https:\/\/hostelcasagarrobo.com\/wp-content\/uploads\/2023\/10\/B42F489F5C304529A8B8B32A9810C647.jpg\" data-elementor-open-lightbox=\"yes\" data-elementor-lightbox-slideshow=\"3806d02\" data-elementor-lightbox-title=\"B42F489F5C304529A8B8B32A9810C647\" data-e-action-hash=\"#elementor-action%3Aaction%3Dlightbox%26settings%3DeyJpZCI6MTAwMiwidXJsIjoiaHR0cHM6XC9cL2hvc3RlbGNhc2FnYXJyb2JvLmNvbVwvd3AtY29udGVudFwvdXBsb2Fkc1wvMjAyM1wvMTBcL0I0MkY0ODlGNUMzMDQ1MjlBOEI4QjMyQTk4MTBDNjQ3LmpwZyIsInNsaWRlc2hvdyI6IjM4MDZkMDIifQ%3D%3D\">\n\t\t\t\t\t<div class=\"e-gallery-image elementor-gallery-item__image\" data-thumbnail=\"https:\/\/hostelcasagarrobo.com\/wp-content\/uploads\/2023\/10\/B42F489F5C304529A8B8B32A9810C647-300x247.jpg\" data-width=\"300\" data-height=\"247\" aria-label=\"\" role=\"img\" ><\/div>\n\t\t\t\t\t\t\t\t\t\t\t<div class=\"elementor-gallery-item__overlay\"><\/div>\n\t\t\t\t\t\t\t\t\t\t\t\t\t\t<\/a>\n\t\t\t\t\t\t\t<a class=\"e-gallery-item elementor-gallery-item elementor-animated-content\" href=\"https:\/\/hostelcasagarrobo.com\/wp-content\/uploads\/2023\/10\/B69033D92AE344B1A5A6C82E9B501B26.jpg\" data-elementor-open-lightbox=\"yes\" data-elementor-lightbox-slideshow=\"3806d02\" data-elementor-lightbox-title=\"B69033D92AE344B1A5A6C82E9B501B26\" data-e-action-hash=\"#elementor-action%3Aaction%3Dlightbox%26settings%3DeyJpZCI6MTAwMywidXJsIjoiaHR0cHM6XC9cL2hvc3RlbGNhc2FnYXJyb2JvLmNvbVwvd3AtY29udGVudFwvdXBsb2Fkc1wvMjAyM1wvMTBcL0I2OTAzM0Q5MkFFMzQ0QjFBNUE2QzgyRTlCNTAxQjI2LmpwZyIsInNsaWRlc2hvdyI6IjM4MDZkMDIifQ%3D%3D\">\n\t\t\t\t\t<div class=\"e-gallery-image elementor-gallery-item__image\" data-thumbnail=\"https:\/\/hostelcasagarrobo.com\/wp-content\/uploads\/2023\/10\/B69033D92AE344B1A5A6C82E9B501B26-300x186.jpg\" data-width=\"300\" data-height=\"186\" aria-label=\"\" role=\"img\" ><\/div>\n\t\t\t\t\t\t\t\t\t\t\t<div class=\"elementor-gallery-item__overlay\"><\/div>\n\t\t\t\t\t\t\t\t\t\t\t\t\t\t<\/a>\n\t\t\t\t\t\t\t<a class=\"e-gallery-item elementor-gallery-item elementor-animated-content\" href=\"https:\/\/hostelcasagarrobo.com\/wp-content\/uploads\/2023\/10\/D2A24A5FB3134270A951755974AD2324.jpg\" data-elementor-open-lightbox=\"yes\" data-elementor-lightbox-slideshow=\"3806d02\" data-elementor-lightbox-title=\"D2A24A5FB3134270A951755974AD2324\" data-e-action-hash=\"#elementor-action%3Aaction%3Dlightbox%26settings%3DeyJpZCI6MTAwNCwidXJsIjoiaHR0cHM6XC9cL2hvc3RlbGNhc2FnYXJyb2JvLmNvbVwvd3AtY29udGVudFwvdXBsb2Fkc1wvMjAyM1wvMTBcL0QyQTI0QTVGQjMxMzQyNzBBOTUxNzU1OTc0QUQyMzI0LmpwZyIsInNsaWRlc2hvdyI6IjM4MDZkMDIifQ%3D%3D\">\n\t\t\t\t\t<div class=\"e-gallery-image elementor-gallery-item__image\" data-thumbnail=\"https:\/\/hostelcasagarrobo.com\/wp-content\/uploads\/2023\/10\/D2A24A5FB3134270A951755974AD2324-300x225.jpg\" data-width=\"300\" data-height=\"225\" aria-label=\"\" role=\"img\" ><\/div>\n\t\t\t\t\t\t\t\t\t\t\t<div class=\"elementor-gallery-item__overlay\"><\/div>\n\t\t\t\t\t\t\t\t\t\t\t\t\t\t<\/a>\n\t\t\t\t\t\t\t<a class=\"e-gallery-item elementor-gallery-item elementor-animated-content\" href=\"https:\/\/hostelcasagarrobo.com\/wp-content\/uploads\/2023\/10\/D12484D88EBA4A4DAA9819C33240C47B.jpg\" data-elementor-open-lightbox=\"yes\" data-elementor-lightbox-slideshow=\"3806d02\" data-elementor-lightbox-title=\"D12484D88EBA4A4DAA9819C33240C47B\" data-e-action-hash=\"#elementor-action%3Aaction%3Dlightbox%26settings%3DeyJpZCI6MTAwNSwidXJsIjoiaHR0cHM6XC9cL2hvc3RlbGNhc2FnYXJyb2JvLmNvbVwvd3AtY29udGVudFwvdXBsb2Fkc1wvMjAyM1wvMTBcL0QxMjQ4NEQ4OEVCQTRBNERBQTk4MTlDMzMyNDBDNDdCLmpwZyIsInNsaWRlc2hvdyI6IjM4MDZkMDIifQ%3D%3D\">\n\t\t\t\t\t<div class=\"e-gallery-image elementor-gallery-item__image\" data-thumbnail=\"https:\/\/hostelcasagarrobo.com\/wp-content\/uploads\/2023\/10\/D12484D88EBA4A4DAA9819C33240C47B-300x225.jpg\" data-width=\"300\" data-height=\"225\" aria-label=\"\" role=\"img\" ><\/div>\n\t\t\t\t\t\t\t\t\t\t\t<div class=\"elementor-gallery-item__overlay\"><\/div>\n\t\t\t\t\t\t\t\t\t\t\t\t\t\t<\/a>\n\t\t\t\t\t<\/div>\n\t\t\t<\/div>\n\t\t\t\t<\/div>\n\t\t\t\t\t<\/div>\n\t\t<\/div>\n\t\t\t\t\t\t\t<\/div>\n\t\t<\/section>\n\t\t\t\t<section class=\"elementor-section elementor-top-section elementor-element elementor-element-d42f163 elementor-section-boxed elementor-section-height-default elementor-section-height-default\" data-id=\"d42f163\" data-element_type=\"section\" data-settings=\"{&quot;jet_parallax_layout_list&quot;:[]}\">\n\t\t\t\t\t\t<div class=\"elementor-container elementor-column-gap-default\">\n\t\t\t\t\t<div class=\"elementor-column elementor-col-100 elementor-top-column elementor-element elementor-element-13534b3\" data-id=\"13534b3\" data-element_type=\"column\">\n\t\t\t<div class=\"elementor-widget-wrap elementor-element-populated\">\n\t\t\t\t\t\t\t\t<div class=\"elementor-element elementor-element-d494033 elementor-widget elementor-widget-spacer\" data-id=\"d494033\" data-element_type=\"widget\" data-widget_type=\"spacer.default\">\n\t\t\t\t<div class=\"elementor-widget-container\">\n\t\t\t\t\t<div class=\"elementor-spacer\">\n\t\t\t<div class=\"elementor-spacer-inner\"><\/div>\n\t\t<\/div>\n\t\t\t\t<\/div>\n\t\t\t\t<\/div>\n\t\t\t\t<section class=\"elementor-section elementor-inner-section elementor-element elementor-element-211862d elementor-section-boxed elementor-section-height-default elementor-section-height-default\" data-id=\"211862d\" data-element_type=\"section\" data-settings=\"{&quot;jet_parallax_layout_list&quot;:[]}\">\n\t\t\t\t\t\t<div class=\"elementor-container elementor-column-gap-default\">\n\t\t\t\t\t<div class=\"elementor-column elementor-col-50 elementor-inner-column elementor-element elementor-element-8b7910b\" data-id=\"8b7910b\" data-element_type=\"column\">\n\t\t\t<div class=\"elementor-widget-wrap elementor-element-populated\">\n\t\t\t\t\t\t\t\t<div class=\"elementor-element elementor-element-236047b elementor-widget elementor-widget-heading\" data-id=\"236047b\" data-element_type=\"widget\" data-widget_type=\"heading.default\">\n\t\t\t\t<div class=\"elementor-widget-container\">\n\t\t\t<h2 class=\"elementor-heading-title elementor-size-default\">LET'S DO IT EL SALVADOR<\/h2>\t\t<\/div>\n\t\t\t\t<\/div>\n\t\t\t\t<div class=\"elementor-element elementor-element-60c8b58 elementor-widget elementor-widget-text-editor\" data-id=\"60c8b58\" data-element_type=\"widget\" data-widget_type=\"text-editor.default\">\n\t\t\t\t<div class=\"elementor-widget-container\">\n\t\t\t\t\t\t\t<p>Casa Garrobo se asoci\u00f3 con este proyecto de mejora comunitaria para proporcionar un centro de reciclaje en la cancha de f\u00fatbol local y en la parada de autob\u00fas.<\/p>\t\t\t\t\t\t<\/div>\n\t\t\t\t<\/div>\n\t\t\t\t\t<\/div>\n\t\t<\/div>\n\t\t\t\t<div class=\"elementor-column elementor-col-50 elementor-inner-column elementor-element elementor-element-66a6497\" data-id=\"66a6497\" data-element_type=\"column\">\n\t\t\t<div class=\"elementor-widget-wrap elementor-element-populated\">\n\t\t\t\t\t\t\t\t<div class=\"elementor-element elementor-element-77144f0 elementor-widget elementor-widget-heading\" data-id=\"77144f0\" data-element_type=\"widget\" data-widget_type=\"heading.default\">\n\t\t\t\t<div class=\"elementor-widget-container\">\n\t\t\t<h2 class=\"elementor-heading-title elementor-size-default\">PROYECTO POLIC\u00cdA COMUNITARIA<\/h2>\t\t<\/div>\n\t\t\t\t<\/div>\n\t\t\t\t<div class=\"elementor-element elementor-element-ed9fc19 elementor-widget elementor-widget-text-editor\" data-id=\"ed9fc19\" data-element_type=\"widget\" data-widget_type=\"text-editor.default\">\n\t\t\t\t<div class=\"elementor-widget-container\">\n\t\t\t\t\t\t\t<p>Casa Garrobo aporta material de construcci\u00f3n para la construcci\u00f3n de una nueva casa para polic\u00eda en Los C\u00f3banos<\/p>\t\t\t\t\t\t<\/div>\n\t\t\t\t<\/div>\n\t\t\t\t\t<\/div>\n\t\t<\/div>\n\t\t\t\t\t\t\t<\/div>\n\t\t<\/section>\n\t\t\t\t\t<\/div>\n\t\t<\/div>\n\t\t\t\t\t\t\t<\/div>\n\t\t<\/section>\n\t\t\t\t\t\t\t<\/div>","protected":false},"excerpt":{"rendered":"<p>All profit from Casa Garrobo stays in the community to support community development Casa Garrobo is currently supporting Casa Garrobo provides ongoin support for this all-volunteer operated turtle hatchery. Several species of sea turtles nest on Los Cobanos beach and other beaches nearby. Turtle eggs are transferred to this hatchery where they are protected from &#8230; <a title=\"COMUNIDAD\" class=\"read-more\" href=\"https:\/\/hostelcasagarrobo.com\/es\/community\/\" aria-label=\"M\u00e1s en COMMUNITY\">Leer m\u00e1s<\/a><\/p>","protected":false},"author":1,"featured_media":0,"parent":0,"menu_order":0,"comment_status":"closed","ping_status":"closed","template":"","meta":{"_monsterinsights_skip_tracking":false,"_monsterinsights_sitenote_active":false,"_monsterinsights_sitenote_note":"","_monsterinsights_sitenote_category":0,"footnotes":""},"_links":{"self":[{"href":"https:\/\/hostelcasagarrobo.com\/es\/wp-json\/wp\/v2\/pages\/990"}],"collection":[{"href":"https:\/\/hostelcasagarrobo.com\/es\/wp-json\/wp\/v2\/pages"}],"about":[{"href":"https:\/\/hostelcasagarrobo.com\/es\/wp-json\/wp\/v2\/types\/page"}],"author":[{"embeddable":true,"href":"https:\/\/hostelcasagarrobo.com\/es\/wp-json\/wp\/v2\/users\/1"}],"replies":[{"embeddable":true,"href":"https:\/\/hostelcasagarrobo.com\/es\/wp-json\/wp\/v2\/comments?post=990"}],"version-history":[{"count":7,"href":"https:\/\/hostelcasagarrobo.com\/es\/wp-json\/wp\/v2\/pages\/990\/revisions"}],"predecessor-version":[{"id":1011,"href":"https:\/\/hostelcasagarrobo.com\/es\/wp-json\/wp\/v2\/pages\/990\/revisions\/1011"}],"wp:attachment":[{"href":"https:\/\/hostelcasagarrobo.com\/es\/wp-json\/wp\/v2\/media?parent=990"}],"curies":[{"name":"wp","href":"https:\/\/api.w.org\/{rel}","templated":true}]}}